{"id":870,"date":"2022-10-30T21:34:58","date_gmt":"2022-10-30T21:34:58","guid":{"rendered":"https:\/\/www.ci2.mx\/?page_id=870"},"modified":"2025-03-12T17:49:49","modified_gmt":"2025-03-12T17:49:49","slug":"nuestros-expertos","status":"publish","type":"page","link":"https:\/\/www.ci2.mx\/?page_id=870","title":{"rendered":"Nuestros expertos"},"content":{"rendered":"<div class=\"container mx-auto px-4 py-8\">\n<div class=\"mb-8\">\n<h2 class=\"text-2xl font-bold text-gray-900 text-center mb-6\">Nuestros expertos<\/h2>\n<div class=\"mt-4 grid grid-cols-1 gap-4\">\n<div class=\"group\">\n<div class=\"bg-white shadow-lg rounded-lg p-4 border flex items-center space-x-4\" data-aos=\"fade-right\" data-aos-delay=\"50\">\n                <img decoding=\"async\" src=\"https:\/\/res.cloudinary.com\/dlq6kbdw3\/image\/upload\/v1741797866\/foto_miriam_fernandez_q0pade.jpg\" alt=\"Miriam Fern\u00e1ndez F\u00e9rez\" class=\"w-72 h-72\"><\/p>\n<div class=\"text-gray-700 space-y-2\">\n                    <strong>Maestra Miriam Fern\u00e1ndez F\u00e9rez<\/strong><\/p>\n<p>Egresada de la Facultad de Contadur\u00eda y Administraci\u00f3n de la carrera de LSCA con maestr\u00eda en Administraci\u00f3n de Empresas y actualmente cursando la Maestr\u00eda de Industria 4.0 en La Universidad Internacional de la Rioja en M\u00e9xico.<\/p>\n<p>Con una amplia trayectoria en el Sector Industrial Automotriz especializ\u00e1ndose en el \u00e1rea de sistemas de Manufactura MES lidereando e implementando dichos sistemas en diferentes plantas de Am\u00e9rica, Asia, Europa y Africa.<\/p>\n<p>Actualmente se encuentra arrancando su propia empresa enfocada al desarrollo de soluciones integrales para la industria de manufactura. ACRON Industrial Automation es una compa\u00f1\u00eda Mexicana en alianza con India.<\/p>\n<p>Miriam ha participado como panelista, expositora y conferencista en temas de Industria 4.0  y tecnolog\u00edas de la informaci\u00f3n en varios congresos y diferentes foros tales como Congreso Internacional UACH, Foro ITC&#8217;s Juventudes, Convenci\u00f3n Nacional Cluster Automotriz, entre otros.<\/p>\n<p>\u201cEstoy convencida del talento de nuestros j\u00f3venes mexicanos, seguir\u00e9 empujando y motivando por su desarrollo en el \u00e1rea de tecnolog\u00edas trabajando en lograr cambios importantes en nuestro pa\u00eds\u201d<\/p>\n<\/p><\/div>\n<\/p><\/div>\n<\/p><\/div>\n<div class=\"group\">\n<div class=\"bg-white shadow-lg rounded-lg p-4 border flex items-center space-x-4 flex-row-reverse\" data-aos=\"fade-left\" data-aos-delay=\"50\">\n                <img decoding=\"async\" src=\"https:\/\/res.cloudinary.com\/dlq6kbdw3\/image\/upload\/v1741797874\/foto_oliver_perez_blwccx.jpg\" alt=\"Oliver P\u00e9rez\" class=\"w-52 h-52\"><\/p>\n<div class=\"text-gray-700 space-y-2\">\n                    <strong>Dr. Oliver P\u00e9rez<\/strong><\/p>\n<p>Egresado del Tecnol\u00f3gico de Chihuahua, el Dr. Oliver P\u00e9rez cuenta con una exitosa trayectoria en la industria de fabricaci\u00f3n de dispositivos m\u00e9dicos como Director de Ingenier\u00eda y fabricaci\u00f3n supervisando grandes organizaciones para la planificaci\u00f3n e implementaci\u00f3n de tecnolog\u00eda y estrategia global.<\/p>\n<p>\u201cSi no crees en lo que la tecnolog\u00eda puede hacer para generar eficiencia, no estas en la posici\u00f3n correcta\u201d \u2013 Dr. P\u00e9rez<\/p>\n<\/p><\/div>\n<\/p><\/div>\n<\/p><\/div>\n<div class =\"group\">\n<div class=\"bg-white shadow-lg rounded-lg p-4 border flex items-center space-x-4\" data-aos=\"fade-right\" data-aos-delay=\"50\">\n                <img decoding=\"async\" src=\"https:\/\/res.cloudinary.com\/dlq6kbdw3\/image\/upload\/v1741797824\/foto_gerardo_mendez_grgkhz.jpg\" alt=\"Gerardo M\u00e9ndez Rodr\u00edguez\" class=\"w-72 h-72\"><\/p>\n<div class=\"text-gray-700 space-y-2\">\n                    <strong>Dr. Gerardo M\u00e9ndez Rodr\u00edguez<\/strong><\/p>\n<p>Gerardo es ingeniero con m\u00e1s de 30 a\u00f1os de experiencia en la industria automotriz, ocupando puestos de liderazgo en diversas \u00e1reas como Tecnolog\u00edas de la Informaci\u00f3n, Manufactura, Ingenier\u00eda, Calidad y validaci\u00f3n de productos tanto a nivel nacional como internacional.<\/p>\n<p>Es Ingeniero en Sistemas Electr\u00f3nicos por parte del ITESM, adem\u00e1s de contar con maestr\u00edas en Administraci\u00f3n, Calidad\/Productividad y un Doctorado en Administraci\u00f3n enfocado al desarrollo de equipos de trabajo. As\u00ed mismo ha complementado su formaci\u00f3n con certificaciones en cadena de suministros con APICS\/ASCM.<\/p>\n<p>Actualmente colabora con el Cl\u00faster Automotriz de Chihuahua, en los Proyectos de E-Mobility e Industria Inteligente dentro de Chihuahua Futura, as\u00ed como en la Asociaci\u00f3n para la Administraci\u00f3n de la Cadena de Suministros.<\/p>\n<p>Constante evangelizador de la tecnolog\u00eda mientras espera que la Selecci\u00f3n Mexicana de futbol gane un mundial.<\/p>\n<\/p><\/div>\n<\/p><\/div>\n<\/p><\/div>\n<div class=\"group\">\n<div class=\"bg-white shadow-lg rounded-lg p-4 border flex items-center space-x-4 flex-row-reverse\" data-aos=\"fade-left\" data-aos-delay=\"50\">\n                <img decoding=\"async\" src=\"https:\/\/res.cloudinary.com\/dlq6kbdw3\/image\/upload\/v1741797800\/foto_fernando_martinez_yg10dv.jpg\" alt=\"Fernando Mart\u00ednez Reyes\" class=\"w-72 h-72\"><\/p>\n<div class=\"text-gray-700 space-y-2\">\n                    <strong>Dr. Fernando Mart\u00ednez Reyes<\/strong><\/p>\n<p>Fernando posee una licenciatura en Ingenier\u00eda Industrial en Electr\u00f3nica otorgado por el Instituto Tecnol\u00f3gico de Veracruz y un grado de maestr\u00eda en Electr\u00f3nica de Potencia otorgado por el Instituto Tecnol\u00f3gico de Chihuahua. En 2009 obtuvo su grado de Doctorado en Computaci\u00f3n en la Universidad de Nottingham, Reino Unido. Su \u00e1rea de investigaci\u00f3n se centra en el dise\u00f1o de soluciones de c\u00f3mputo basadas en tecnolog\u00edas de la informaci\u00f3n y la comunicaci\u00f3n, y su intersecci\u00f3n con el \u00e1rea de Interacci\u00f3n Humano-Computadora. Los contextos de aplicaci\u00f3n incluyen el \u00e1rea de la salud, educaci\u00f3n y vida independiente, y pueden diversificarse a entornos de agroindustria, automatizaci\u00f3n, movilidad urbana, entre otros. Como profesor de la Universidad Aut\u00f3noma de Chihuahua cuenta con experiencia docente a nivel pregrado y posgrado, y es miembro del Sistema Nacional de Investigadores del CONACyT.<\/p>\n<\/p><\/div>\n<\/p><\/div>\n<\/p><\/div>\n<div class=\"group\">\n<div class=\"bg-white shadow-lg rounded-lg p-4 border flex items-center space-x-4\" data-aos=\"fade-right\" data-aos-delay=\"50\">\n                <img decoding=\"async\" src=\"https:\/\/res.cloudinary.com\/dlq6kbdw3\/image\/upload\/v1741797886\/foto_victor_manuel_morales_ykst6p.jpg\" alt=\"Victor Manuel Morales Rocha\" class=\"w-72 h-72\"><\/p>\n<div class=\"text-gray-700 space-y-2\">\n                    <strong>Dr. Victor Manuel Morales Rocha<\/strong><\/p>\n<p>Es profesor investigador en el Instituto de Ingenier\u00eda y Tecnolog\u00eda de la Universidad Aut\u00f3noma de Ciudad Ju\u00e1rez. Coordinador del Laboratorio Nacional de Tecnolog\u00edas de Informaci\u00f3n sede UACJ. Investigador asociado en el Centro de Inteligencia Artificial del estado de Chihuahua. Realiz\u00f3 sus estudios de doctorado en ingenier\u00eda telem\u00e1tica en la Universidad Polit\u00e9cnica de Catalu\u00f1a. Miembro del Sistema Nacional de Investigadores nivel 1. Es l\u00edder t\u00e9cnico del proyecto de interoperabilidad de sistemas de expediente cl\u00ednico electr\u00f3nico. Sus principales l\u00edneas de investigaci\u00f3n se centran en seguridad de la informaci\u00f3n, criptograf\u00eda aplicada, blockchain y seguridad cognitiva.<\/p>\n<\/p><\/div>\n<\/p><\/div>\n<\/p><\/div>\n<div class=\"group\">\n<div class=\"bg-white shadow-lg rounded-lg p-4 border flex items-center space-x-4 flex-row-reverse\" data-aos=\"fade-left\" data-aos-delay=\"50\">\n                <img decoding=\"async\" src=\"https:\/\/res.cloudinary.com\/dlq6kbdw3\/image\/upload\/v1741797810\/foto_fuad_georges_hqsj5o.jpg\" alt=\"Fuad Georges Farah Pi\u00f1\u00f3n\" class=\"w-72 h-72\"><\/p>\n<div class=\"text-gray-700 space-y-2\">\n                    <strong>Ing. Fuad Georges Farah Pi\u00f1\u00f3n<\/strong><\/p>\n<p>Es socio activo de la SEMAC (Sociedad de Ergonomistas de M\u00e9xico, A.C:) desde el 2002, lleva 19 a\u00f1os como fundador y director de la empresa Ergoinova, es experto t\u00e9cnico en la NOM-036-1-STPS-2018 por la ema (entidad mexicana de acreditaci\u00f3n), socio activo del Colegio Nacional de Ingenieros Industriales Secci\u00f3n Chihuahua, certificado de perito erg\u00f3nomo forense por la Universidad de Catalu\u00f1a, Espa\u00f1a, he realizado an\u00e1lisis de puestos de trabajo basados en la ergonom\u00eda a empresas nacionales e internacionales, certificado por el Instituto de Biomec\u00e1nica de Valencia en el software Ergo\/DIS, an\u00e1lisis de puestos de trabajo para personas con discapacidad.<\/p>\n<\/p><\/div>\n<\/p><\/div>\n<\/p><\/div>\n<\/p><\/div>\n<\/p><\/div>\n<\/div>\n","protected":false},"excerpt":{"rendered":"<p>Nuestros expertos Maestra Miriam Fern\u00e1ndez F\u00e9rez Egresada de la Facultad de Contadur\u00eda y Administraci\u00f3n de la carrera de LSCA con [&hellip;]<\/p>\n","protected":false},"author":1,"featured_media":0,"parent":0,"menu_order":0,"comment_status":"closed","ping_status":"closed","template":"","meta":{"site-sidebar-layout":"default","site-content-layout":"","ast-site-content-layout":"","site-content-style":"default","site-sidebar-style":"default","ast-global-header-display":"","ast-banner-title-visibility":"","ast-main-header-display":"","ast-hfb-above-header-display":"","ast-hfb-below-header-display":"","ast-hfb-mobile-header-display":"","site-post-title":"disabled","ast-breadcrumbs-content":"","ast-featured-img":"","footer-sml-layout":"","theme-transparent-header-meta":"","adv-header-id-meta":"","stick-header-meta":"","header-above-stick-meta":"","header-main-stick-meta":"","header-below-stick-meta":"","astra-migrate-meta-layouts":"default","ast-page-background-enabled":"default","ast-page-background-meta":{"desktop":{"background-color":"var(--ast-global-color-5)","background-image":"","background-repeat":"repeat","background-position":"center center","background-size":"auto","background-attachment":"scroll","background-type":"","background-media":"","overlay-type":"","overlay-color":"","overlay-opacity":"","overlay-gradient":""},"tablet":{"background-color":"","background-image":"","background-repeat":"repeat","background-position":"center center","background-size":"auto","background-attachment":"scroll","background-type":"","background-media":"","overlay-type":"","overlay-color":"","overlay-opacity":"","overlay-gradient":""},"mobile":{"background-color":"","background-image":"","background-repeat":"repeat","background-position":"center center","background-size":"auto","background-attachment":"scroll","background-type":"","background-media":"","overlay-type":"","overlay-color":"","overlay-opacity":"","overlay-gradient":""}},"ast-content-background-meta":{"desktop":{"background-color":"var(--ast-global-color-4)","background-image":"","background-repeat":"repeat","background-position":"center center","background-size":"auto","background-attachment":"scroll","background-type":"","background-media":"","overlay-type":"","overlay-color":"","overlay-opacity":"","overlay-gradient":""},"tablet":{"background-color":"var(--ast-global-color-4)","background-image":"","background-repeat":"repeat","background-position":"center center","background-size":"auto","background-attachment":"scroll","background-type":"","background-media":"","overlay-type":"","overlay-color":"","overlay-opacity":"","overlay-gradient":""},"mobile":{"background-color":"var(--ast-global-color-4)","background-image":"","background-repeat":"repeat","background-position":"center center","background-size":"auto","background-attachment":"scroll","background-type":"","background-media":"","overlay-type":"","overlay-color":"","overlay-opacity":"","overlay-gradient":""}},"footnotes":""},"class_list":["post-870","page","type-page","status-publish","hentry"],"_links":{"self":[{"href":"https:\/\/www.ci2.mx\/index.php?rest_route=\/wp\/v2\/pages\/870","targetHints":{"allow":["GET"]}}],"collection":[{"href":"https:\/\/www.ci2.mx\/index.php?rest_route=\/wp\/v2\/pages"}],"about":[{"href":"https:\/\/www.ci2.mx\/index.php?rest_route=\/wp\/v2\/types\/page"}],"author":[{"embeddable":true,"href":"https:\/\/www.ci2.mx\/index.php?rest_route=\/wp\/v2\/users\/1"}],"replies":[{"embeddable":true,"href":"https:\/\/www.ci2.mx\/index.php?rest_route=%2Fwp%2Fv2%2Fcomments&post=870"}],"version-history":[{"count":16,"href":"https:\/\/www.ci2.mx\/index.php?rest_route=\/wp\/v2\/pages\/870\/revisions"}],"predecessor-version":[{"id":1561,"href":"https:\/\/www.ci2.mx\/index.php?rest_route=\/wp\/v2\/pages\/870\/revisions\/1561"}],"wp:attachment":[{"href":"https:\/\/www.ci2.mx\/index.php?rest_route=%2Fwp%2Fv2%2Fmedia&parent=870"}],"curies":[{"name":"wp","href":"https:\/\/api.w.org\/{rel}","templated":true}]}}