{"id":499,"date":"2022-05-08T20:36:53","date_gmt":"2022-05-08T20:36:53","guid":{"rendered":"https:\/\/www.ci2.mx\/?page_id=499"},"modified":"2025-03-20T15:02:06","modified_gmt":"2025-03-20T15:02:06","slug":"socios-estrategicos","status":"publish","type":"page","link":"https:\/\/www.ci2.mx\/?page_id=499","title":{"rendered":"Aliados estrat\u00e9gicos"},"content":{"rendered":"<p><!-- Encabezado de la secci\u00f3n --><\/p>\n<section class=\"py-16 px-4 max-w-7xl mx-auto\">\n<div class=\"text-center mb-16\" data-aos=\"fade-up\" data-aos-duration=\"800\">\n<h2 class=\"text-4xl font-bold text-gray-800 mb-4\">Aliados Estrat\u00e9gicos<\/h2>\n<div class=\"w-24 h-1 bg-red-600 mx-auto\"><\/div>\n<\/div>\n<style>\n  .partner-logo {\n    width: 250px;\n    height: 150px;\n    object-fit: contain;\n    margin: 0 auto;\n  }\n<\/style>\n<p><!-- 1. CIIA --><\/p>\n<div class=\"grid md:grid-cols-2 gap-8 items-center mb-16 hover:shadow-lg transition duration-300 p-6 rounded-lg\" data-aos=\"fade-right\" data-aos-duration=\"1000\">\n<div class=\"flex justify-center items-center h-48\"><img decoding=\"async\" class=\"partner-logo rounded-lg shadow-md\" src=\"https:\/\/www.ci2.mx\/wp-content\/uploads\/2023\/08\/CIIA.jpg\" alt=\"Centro de Innovaci\u00f3n Industrial para el sector Aeroespacial\" \/><\/div>\n<div class=\"space-y-4\">\n<h3 class=\"text-2xl font-bold text-gray-800\">Centro de Innovaci\u00f3n Industrial para el sector Aeroespacial<\/h3>\n<p class=\"text-gray-600\">\nAv. Homero 350, Revoluci\u00f3n, 31136 Chihuahua, Chih.<\/p>\n<p class=\"text-gray-600\">\n614-142-0886 \/ 614-405-9349 \/ 442-200-7663<\/p>\n<\/div>\n<\/div>\n<p><!-- 2. CITC --><\/p>\n<div class=\"grid md:grid-cols-2 gap-8 items-center mb-16 hover:shadow-lg transition duration-300 p-6 rounded-lg bg-white\" data-aos=\"fade-left\" data-aos-duration=\"1000\">\n<div class=\"md:order-2 flex justify-center items-center h-48\"><img decoding=\"async\" class=\"partner-logo rounded-lg shadow-md\" src=\"https:\/\/www.ci2.mx\/wp-content\/uploads\/2025\/02\/CITC-_-horiz_Mesa-de-trabajo-1.png\" alt=\"CITC\" \/><\/div>\n<div class=\"md:order-1 space-y-4\">\n<h3 class=\"text-2xl font-bold text-gray-800\">Chihuahua IT Cluster<\/h3>\n<p class=\"text-gray-600\">\nCircuito Industria Electr\u00f3nica 4175 Edificio 18B<br \/>\nComplejo Industrial las Americas<br \/>\nCol. Panamericana<br \/>\nChihuahua, Chih. 31210<\/p>\n<\/div>\n<\/div>\n<p><!-- 3. Cluster Automatizaci\u00f3n --><\/p>\n<div class=\"grid md:grid-cols-2 gap-8 items-center mb-16 hover:shadow-lg transition duration-300 p-6 rounded-lg\" data-aos=\"fade-right\" data-aos-duration=\"1000\">\n<div class=\"flex justify-center items-center h-48\"><img decoding=\"async\" class=\"partner-logo rounded-lg shadow-md\" src=\"https:\/\/www.ci2.mx\/wp-content\/uploads\/2025\/03\/15037automatizacion_Mesa-de-trabajo-1.png\" alt=\"Cluster Automatizaci\u00f3n\" \/><\/div>\n<div class=\"space-y-4\">\n<h3 class=\"text-2xl font-bold text-gray-800\">Cluster de Automatizaci\u00f3n<\/h3>\n<p class=\"text-gray-600 mt-3\">Impulso a la automatizaci\u00f3n industrial en la regi\u00f3n de Chihuahua.<\/p>\n<\/div>\n<\/div>\n<p><!-- 4. Living Lab --><\/p>\n<div class=\"grid md:grid-cols-2 gap-8 items-center mb-16 hover:shadow-lg transition duration-300 p-6 rounded-lg bg-white\" data-aos=\"fade-left\" data-aos-duration=\"1000\">\n<div class=\"md:order-2 flex justify-center items-center h-48\"><img decoding=\"async\" class=\"partner-logo rounded-lg shadow-md\" src=\"https:\/\/www.ci2.mx\/wp-content\/uploads\/2025\/03\/Living-Lab-Logo-4.png\" alt=\"Living Lab\" \/><\/div>\n<div class=\"md:order-1 space-y-4\">\n<h3 class=\"text-2xl font-bold text-gray-800\">Living Lab<\/h3>\n<p class=\"text-gray-600\">\nCircuito Industria Electr\u00f3nica 4175 Edificio 18B<br \/>\nComplejo Industrial las Americas<br \/>\nCol. Panamericana<br \/>\nChihuahua, Chih. 31210<\/p>\n<\/div>\n<\/div>\n<p><!-- 5. Startup Chihuahua --><\/p>\n<div class=\"grid md:grid-cols-2 gap-8 items-center mb-16 hover:shadow-lg transition duration-300 p-6 rounded-lg\" data-aos=\"fade-right\" data-aos-duration=\"1000\">\n<div class=\"flex justify-center items-center h-48\"><img decoding=\"async\" class=\"partner-logo rounded-lg shadow-md\" src=\"https:\/\/www.ci2.mx\/wp-content\/uploads\/2023\/07\/SCUU_LOGOS-AZUL.png\" alt=\"Startup Chihuahua\" \/><\/div>\n<div class=\"space-y-4\">\n<h3 class=\"text-2xl font-bold text-gray-800\">Startup Chihuahua<\/h3>\n<p class=\"text-gray-600 mt-3\">Aceleradora de empresas emergentes en la regi\u00f3n de Chihuahua.<\/p>\n<\/div>\n<\/div>\n<p><!-- 6. Centro de Ciberseguridad Chihuahua --><\/p>\n<div class=\"grid md:grid-cols-2 gap-8 items-center mb-16 hover:shadow-lg transition duration-300 p-6 rounded-lg bg-white\" data-aos=\"fade-left\" data-aos-duration=\"1000\">\n<div class=\"md:order-2 flex justify-center items-center h-48\"><img decoding=\"async\" class=\"partner-logo rounded-lg shadow-md\" src=\"https:\/\/www.ci2.mx\/wp-content\/uploads\/2025\/02\/1.png\" alt=\"Centro de Ciberseguridad Chihuahua\" \/><\/div>\n<div class=\"md:order-1 space-y-4\">\n<h3 class=\"text-2xl font-bold text-gray-800\">Centro de Ciberseguridad Chihuahua<\/h3>\n<p class=\"text-gray-600 mt-3\">Soluciones de seguridad inform\u00e1tica para empresas de la regi\u00f3n.<\/p>\n<\/div>\n<\/div>\n<p><!-- 7. INDEX --><\/p>\n<div class=\"grid md:grid-cols-2 gap-8 items-center mb-16 hover:shadow-lg transition duration-300 p-6 rounded-lg\" data-aos=\"fade-right\" data-aos-duration=\"1000\">\n<div class=\"flex justify-center items-center h-48\"><img decoding=\"async\" class=\"partner-logo rounded-lg shadow-md\" src=\"https:\/\/www.ci2.mx\/wp-content\/uploads\/2025\/03\/INDEX_-Original-e1737046187859.png\" alt=\"INDEX - Asociaci\u00f3n de Maquiladoras\" \/><\/div>\n<div class=\"space-y-4\">\n<h3 class=\"text-2xl font-bold text-gray-800\">Asociaci\u00f3n de Maquiladoras y Exportadoras de Chihuahua A.C.<\/h3>\n<p class=\"text-gray-600\">\nAv. William Shakespeare No. 157<br \/>\nComplejo Industrial Chihuahua<br \/>\nChihuahua, Chih. M\u00e9xico C.P. 31136<\/p>\n<p class=\"text-gray-600\">\n614 442 8450<\/p>\n<\/div>\n<\/div>\n<p><!-- 8. Autocl\u00faster --><\/p>\n<div class=\"grid md:grid-cols-2 gap-8 items-center mb-16 hover:shadow-lg transition duration-300 p-6 rounded-lg bg-white\" data-aos=\"fade-left\" data-aos-duration=\"1000\">\n<div class=\"md:order-2 flex justify-center items-center h-48\"><img decoding=\"async\" class=\"partner-logo rounded-lg shadow-md\" src=\"https:\/\/www.ci2.mx\/wp-content\/uploads\/2025\/03\/Autoclusterchihuahua.png\" alt=\"Autocl\u00faster\" \/><\/div>\n<div class=\"md:order-1 space-y-4\">\n<h3 class=\"text-2xl font-bold text-gray-800\">Autocl\u00faster Chihuahua<\/h3>\n<p class=\"text-gray-600 mt-3\">Asociaci\u00f3n de empresas del sector automotriz para promover la competitividad y desarrollo regional.<\/p>\n<\/div>\n<\/div>\n<p><!-- 9. Cl\u00faster Aeroespacial --><\/p>\n<div class=\"grid md:grid-cols-2 gap-8 items-center mb-16 hover:shadow-lg transition duration-300 p-6 rounded-lg\" data-aos=\"fade-right\" data-aos-duration=\"1000\">\n<div class=\"flex justify-center items-center h-48\"><img decoding=\"async\" class=\"partner-logo rounded-lg shadow-md\" src=\"https:\/\/www.ci2.mx\/wp-content\/uploads\/2025\/03\/Aerospace-LOGO-1.png\" alt=\"Cl\u00faster Aeroespacial\" \/><\/div>\n<div class=\"space-y-4\">\n<h3 class=\"text-2xl font-bold text-gray-800\">Cl\u00faster Aeroespacial de Chihuahua<\/h3>\n<p class=\"text-gray-600 mt-3\">Organizaci\u00f3n que impulsa el crecimiento y desarrollo del sector aeroespacial en la regi\u00f3n.<\/p>\n<\/div>\n<\/div>\n<p><!-- 10. CIMAV --><\/p>\n<div class=\"grid md:grid-cols-2 gap-8 items-center mb-16 hover:shadow-lg transition duration-300 p-6 rounded-lg bg-white\" data-aos=\"fade-left\" data-aos-duration=\"1000\">\n<div class=\"md:order-2 flex justify-center items-center h-48\"><img decoding=\"async\" class=\"partner-logo rounded-lg shadow-md\" src=\"https:\/\/www.ci2.mx\/wp-content\/uploads\/2022\/10\/logo_cimav_grande-1.png\" alt=\"CIMAV\" \/><\/div>\n<div class=\"md:order-1 space-y-4\">\n<h3 class=\"text-2xl font-bold text-gray-800\">CIMAV<\/h3>\n<p class=\"text-gray-600 mt-3\">Centro de Investigaci\u00f3n en Materiales Avanzados, instituci\u00f3n dedicada a la investigaci\u00f3n cient\u00edfica y tecnol\u00f3gica.<\/p>\n<\/div>\n<\/div>\n<\/section>\n","protected":false},"excerpt":{"rendered":"<p>Aliados Estrat\u00e9gicos Centro de Innovaci\u00f3n Industrial para el sector Aeroespacial Av. Homero 350, Revoluci\u00f3n, 31136 Chihuahua, Chih. 614-142-0886 \/ 614-405-9349 [&hellip;]<\/p>\n","protected":false},"author":1,"featured_media":0,"parent":0,"menu_order":0,"comment_status":"closed","ping_status":"closed","template":"","meta":{"site-sidebar-layout":"default","site-content-layout":"","ast-site-content-layout":"","site-content-style":"default","site-sidebar-style":"default","ast-global-header-display":"","ast-banner-title-visibility":"","ast-main-header-display":"","ast-hfb-above-header-display":"","ast-hfb-below-header-display":"","ast-hfb-mobile-header-display":"","site-post-title":"disabled","ast-breadcrumbs-content":"","ast-featured-img":"","footer-sml-layout":"","theme-transparent-header-meta":"","adv-header-id-meta":"","stick-header-meta":"","header-above-stick-meta":"","header-main-stick-meta":"","header-below-stick-meta":"","astra-migrate-meta-layouts":"default","ast-page-background-enabled":"default","ast-page-background-meta":{"desktop":{"background-color":"var(--ast-global-color-5)","background-image":"","background-repeat":"repeat","background-position":"center center","background-size":"auto","background-attachment":"scroll","background-type":"","background-media":"","overlay-type":"","overlay-color":"","overlay-opacity":"","overlay-gradient":""},"tablet":{"background-color":"","background-image":"","background-repeat":"repeat","background-position":"center center","background-size":"auto","background-attachment":"scroll","background-type":"","background-media":"","overlay-type":"","overlay-color":"","overlay-opacity":"","overlay-gradient":""},"mobile":{"background-color":"","background-image":"","background-repeat":"repeat","background-position":"center center","background-size":"auto","background-attachment":"scroll","background-type":"","background-media":"","overlay-type":"","overlay-color":"","overlay-opacity":"","overlay-gradient":""}},"ast-content-background-meta":{"desktop":{"background-color":"var(--ast-global-color-4)","background-image":"","background-repeat":"repeat","background-position":"center center","background-size":"auto","background-attachment":"scroll","background-type":"","background-media":"","overlay-type":"","overlay-color":"","overlay-opacity":"","overlay-gradient":""},"tablet":{"background-color":"var(--ast-global-color-4)","background-image":"","background-repeat":"repeat","background-position":"center center","background-size":"auto","background-attachment":"scroll","background-type":"","background-media":"","overlay-type":"","overlay-color":"","overlay-opacity":"","overlay-gradient":""},"mobile":{"background-color":"var(--ast-global-color-4)","background-image":"","background-repeat":"repeat","background-position":"center center","background-size":"auto","background-attachment":"scroll","background-type":"","background-media":"","overlay-type":"","overlay-color":"","overlay-opacity":"","overlay-gradient":""}},"footnotes":""},"class_list":["post-499","page","type-page","status-publish","hentry"],"_links":{"self":[{"href":"https:\/\/www.ci2.mx\/index.php?rest_route=\/wp\/v2\/pages\/499","targetHints":{"allow":["GET"]}}],"collection":[{"href":"https:\/\/www.ci2.mx\/index.php?rest_route=\/wp\/v2\/pages"}],"about":[{"href":"https:\/\/www.ci2.mx\/index.php?rest_route=\/wp\/v2\/types\/page"}],"author":[{"embeddable":true,"href":"https:\/\/www.ci2.mx\/index.php?rest_route=\/wp\/v2\/users\/1"}],"replies":[{"embeddable":true,"href":"https:\/\/www.ci2.mx\/index.php?rest_route=%2Fwp%2Fv2%2Fcomments&post=499"}],"version-history":[{"count":59,"href":"https:\/\/www.ci2.mx\/index.php?rest_route=\/wp\/v2\/pages\/499\/revisions"}],"predecessor-version":[{"id":1563,"href":"https:\/\/www.ci2.mx\/index.php?rest_route=\/wp\/v2\/pages\/499\/revisions\/1563"}],"wp:attachment":[{"href":"https:\/\/www.ci2.mx\/index.php?rest_route=%2Fwp%2Fv2%2Fmedia&parent=499"}],"curies":[{"name":"wp","href":"https:\/\/api.w.org\/{rel}","templated":true}]}}